{"id":37,"date":"2022-02-25T14:35:07","date_gmt":"2022-02-25T14:35:07","guid":{"rendered":"http:\/\/www.filizmumcu.com\/?page_id=37"},"modified":"2025-11-11T10:40:46","modified_gmt":"2025-11-11T07:40:46","slug":"bildiriler","status":"publish","type":"page","link":"http:\/\/www.filizmumcu.com\/index.php\/bildiriler\/","title":{"rendered":"Conference Papers"},"content":{"rendered":"\n<h3 class=\"wp-block-heading\">Papers presented at international scientific meetings and published in full text in the proceedings<\/h3>\n\n\n\n<ol start=\"1\" class=\"wp-block-list\">\n<li><strong>Mumcu, F.<\/strong>, Mavrikis, M., Karkalas, S., Gkreka, C., Korompli, C., Diamantidis, D. &amp; Lavicza, Z. (2025). Designing Feedback for Exploratory Mathematical Activities: A Computational Thinking Perspective. <em>The Constructionism Conference 2025<\/em>, 24 \u2013 27 June, Zurich, Switzerland. [Full paper]<\/li>\n\n\n\n<li>El Bedewy, S., Hornsby, D., <strong>Mumcu, F.<\/strong>, Sz\u00e1sz, R., &amp; Lavicza, Z. (2025). Experimenting mathematical transformations with GeoGebra Dance: An embodied learning approach. <em>14<sup>th<\/sup> Congress of the European Society for Research in Mathematics Education (CERME 14),<\/em> 04 \u2013 08 February, Bolzano, Italy. [Full paper]<\/li>\n\n\n\n<li>An\u0111i\u0107, B., <strong>Mumcu, F.<\/strong>, Tejera, M., Schmidthaler, E., &amp; Lavicza, Z. (2023). Unplugging Math: Integrating Computational Thinking into Mathematics Education Through Poly-Universe. In: Dascalu, M., Mealha, \u00d3., Virkus, S. (eds) <em>Smart Learning Ecosystems as Engines of the Green and Digital Transition. SLERD 2023.<\/em> Advances in Sustainability Science and Technology. Springer, Singapore.<a href=\"https:\/\/doi.org\/10.1007\/978-981-99-5540-4_15\"> https:\/\/doi.org\/10.1007\/978-981-99-5540-4_15<\/a> [Full paper] <\/li>\n\n\n\n<li>Demiraslan \u00c7evik, Y., Da\u011fhan, G., Somy\u00fcrek, S., &amp; Mumcu, F. (2020). Reflections on the implementation of an online learning environment designed to improve students\u2019 decision-making skills. Presented at <em>the 14th annual International Technology, Education and Development Conference (INTED 2020)<\/em>, March 2 \u2013 4, Valencia, Spain. [Full paper]<\/li>\n\n\n\n<li><strong>Mumcu, F.<\/strong> &amp; Usluel, Y. (2013). Teachers\u2019 perceptions related to levels of ICT implementation. <em>Procedia &#8211; Social and Behavioral Sciences, 83<\/em>, 729-733. Presented at <em>2<sup>nd<\/sup> World Conference on Educational Technology Research<\/em>, June 27 \u2013 30, Lefkosia, Turkish Republic of Northern Cyprus. [Full paper]<\/li>\n\n\n\n<li>Ha\u015flaman, T., <strong>Mumcu, F.<\/strong>, &amp; Usluel, Y. (2008). Integration of ICT into the teaching-learning process: Toward a unified model. Presented at<em> World Conference on Educational Multimedia, Hypermedia &amp; Telecommunications (ED-MEDIA),<\/em> Vienna, June 30 \u2013 July 4, Austria. [Full paper]<\/li>\n\n\n\n<li>Usluel, Y., Demiraslan Y., &amp; <strong>Mumcu, F.<\/strong> (2007). Integrating ICT into classrooms: A note from Turkish teachers (p. 1569-1575). Presented at <em>Society for Information Technology &amp; Teacher Education<\/em> <em>(SITE),<\/em> March 26 \u2013 30, San Antonio, TX, USA. [Full paper]<\/li>\n<\/ol>\n\n\n\n<h3 class=\"wp-block-heading\">Papers presented at international scientific meetings and published as abstracts<\/h3>\n\n\n\n<ol start=\"8\" class=\"wp-block-list\">\n<li><strong>Mumcu, F.<\/strong>, Lavicza, Z., Pastor, L., Tolmos, P., &amp; Leoste, J. (2025). Bridging the Gap Between EdTech Companies and Universities: A Three-Phase Needs Assessment Framework. Presented at <em>Conference on Digital Tools in Mathematics Education (CADGME 2025)<\/em>, September 09 \u2013 11, Luxembourg, Luxembourg.<\/li>\n\n\n\n<li>Din\u00e7er Aksoy, B., <strong>Mumcu, F.<\/strong>, &amp; Cant\u00fcrk G\u00fcnhan, B. (2025). The use of computational thinking components in a sustainability-themed mathematical modeling problem. Paper presented at <em>the Mathematics Classroom Teaching Research for All Students (MCTRAS) Conference<\/em>, June 25 &#8211; 27, Linz, Austria.<\/li>\n\n\n\n<li>Din\u00e7er Aksoy, B., Cant\u00fcrk G\u00fcnhan, B., &amp; <strong>Mumcu, F.<\/strong> (2025). Utilizing computational thinking components in mosaic pattern modeling. Paper presented at <em>the Mathematics Classroom Teaching Research for All Students (MCTRAS) Conference<\/em>, June 25 &#8211; 27, Linz, Austria.<\/li>\n\n\n\n<li><strong>Mumcu, F.<\/strong> &amp; Uslu, N. A. (2018). Social media addiction of high school students relating to problematic mobile phone usage and academic procrastination. Presented at <em>Association for Educational Communications and Technology (AECT) 2018 International Convention (Learning for All)<\/em>, October 23 \u2013 27, Kansas City, USA.<\/li>\n\n\n\n<li><strong>Mumcu, F. <\/strong>&amp; Uslu, N. A. (2018). Course designs of teachers with project-based learning in teaching computer science. Presented at <em>Association for Educational Communications and Technology (AECT) 2018 International Convention (Learning for All)<\/em>, October 23 \u2013 27, Kansas City, USA.<\/li>\n<\/ol>\n\n\n\n<h3 class=\"wp-block-heading\">Papers presented at national scientific meetings and published as full text<\/h3>\n\n\n\n<ol start=\"13\" class=\"wp-block-list\">\n<li>K\u0131d\u0131man Demirhan, E., <strong>Mumcu, F.<\/strong> &amp; Y\u0131lmaz, M. (2023). The use of blockchain and NFT technologies in digital games: A survey study with Turkish gamers. 1<em>6th National Software Engineering Symposium<\/em>, 27 February \u2013 01 March, Erzurum, T\u00fcrkiye. [Full paper] (In Turkish)<\/li>\n\n\n\n<li>Demiraslan \u00c7evik, Y., Do\u011fan, N., Karaman, H., <strong>Mumcu, F.<\/strong>, Somy\u00fcrek, S. &amp; Da\u011fhan, G. (2019). Investigation of pre-adolescent students&#8217; decision-making skills according to demographic characteristics. <em>6<sup>th<\/sup> International Eurasian Educational Research Congress (EJER 2019)<\/em>, 19 \u2013 22 June, Ankara, T\u00fcrkiye. [Full paper] (In Turkish)<\/li>\n\n\n\n<li><strong>Mumcu, F.<\/strong>, Demiraslan \u00c7evik, Y., Somy\u00fcrek, S. &amp; Da\u011fhan, G. (2019). Investigation of decision-making processes as perceived by secondary school students. <em>13<sup>th<\/sup> International Computer and Instructional Technology Symposium (ICITS 2019)<\/em>, 1 \u2013 3 May, K\u0131r\u015fehir, T\u00fcrkiye. [Full paper] (In Turkish)<\/li>\n\n\n\n<li>Demiraslan-\u00c7evik, Y., <strong>Mumcu, F.<\/strong>, Da\u011fhan, G. &amp; Somy\u00fcrek, S. (2018). Determining decision-making skills: E\u00d6-KVBT. <em>6<sup>th<\/sup> International Instructional Technologies &amp; Teacher Education Symposium (ITTES), <\/em>12 \u2013 14 September, Edirne, T\u00fcrkiye. [Full paper] (In Turkish)<\/li>\n\n\n\n<li><strong>Mumcu, F.<\/strong> &amp; Usluel, Y. (2010). Scale development study on the integration of ICT into the learning-teaching process according to the technological pedagogical content knowledge model. <em>10<sup>th<\/sup> International Educational Technology Conference (IETC),<\/em> 26 \u2013 28 April, \u0130stanbul, T\u00fcrkiye. [Full paper] (In Turkish)<\/li>\n\n\n\n<li><strong>Mumcu, F.<\/strong> &amp; Usluel, Y. (2009). Networked learning and ELGG as a networked learning environment. <em>3<sup>rd<\/sup> International Symposium on Computer Education and Instructional Technology<\/em>, 7 &#8211; 9 October, Trabzon, T\u00fcrkiye. [Full paper] (In Turkish)<\/li>\n\n\n\n<li><strong>Mumcu, F.<\/strong>, Ha\u015flaman, T. &amp; Usluel, Y. (2008). Indicators of effective technology integration within the framework of technological pedagogical content knowledge model. <em>8<sup>th<\/sup> International Educational Technology Conference (IETC)<\/em>, 6 &#8211; 8 May, Eski\u015fehir, T\u00fcrkiye. [Full paper] (In Turkish)<\/li>\n\n\n\n<li><strong>Mumcu, F.<\/strong>, Ha\u015flaman, T., Y\u0131ld\u0131z, B. &amp; Tuzun, H. (2008). Usability in interactive system design: The case of a computing problem and requirement escalation system. <em>8<sup>th<\/sup> International Educational Technology Conference (IETC)<\/em>, 6 \u2013 8 May, Eski\u015fehir, T\u00fcrkiye. [Full paper] (In Turkish)<\/li>\n<\/ol>\n\n\n\n<h3 class=\"wp-block-heading\">Papers presented at national scientific meetings and published as abstracts<\/h3>\n\n\n\n<ol start=\"21\" class=\"wp-block-list\">\n<li><strong>Mumcu, F.<\/strong>, Uslu, N. A., Y\u0131ld\u0131z, B. &amp; \u00d6zdinc, F. (2020). How should teachers be supported to design innovative interdisciplinary courses? A comparative study of 3-year teacher education projects. <em>International Science, Mathematics, Entrepreneurship and Technology Education Congress<\/em>, 19 &#8211; 22 November, Bursa, T\u00fcrkiye. (In Turkish)<\/li>\n\n\n\n<li><strong>Mumcu, F.<\/strong>, Y\u0131ld\u0131z, B. &amp; \u00d6zdinc, F. (2020). Teachers&#8217; views on an interdisciplinary professional development training: The case of Interdisciplinary Teacher Academy. <em>International Science, Mathematics, Entrepreneurship and Technology Education Congress<\/em>, 19 &#8211; 22 November, Bursa, T\u00fcrkiye. (In Turkish)<\/li>\n\n\n\n<li>Demiraslan \u00c7evik, Y., &amp; Da\u011fhan, G., <strong>Mumcu, F.<\/strong> &amp; Somy\u00fcrek, S. (2019). Using video-based model examples in the development of decision-making skills. <em>7th International Instructional Technology and Teacher Education Symposium (ITTES 2019)<\/em>, 30 October &#8211; 01 November, Antalya, T\u00fcrkiye. (In Turkish)<\/li>\n\n\n\n<li><strong>Mumcu, F.<\/strong>, Uslu, N. A. &amp; Y\u0131ld\u0131z, B. (2019). Examining teachers&#8217; expectations from interdisciplinary professional development activities in terms of informal learning. <em>1st International Informal Learning Congress<\/em>, 1 &#8211; 3 November, Nev\u015fehir, T\u00fcrkiye. (In Turkish)<\/li>\n\n\n\n<li>Demiraslan \u00c7evik, Y., Do\u011fan, N., Karaman, H., Somy\u00fcrek, S., <strong>Mumcu, F.<\/strong> &amp; Da\u011fhan, G. (2019). Adaptation of the Pre-adolescent Decision Making Skills Test (PM-DDST) into Turkish. <em>6<sup>th<\/sup> International Eurasian Educational Research Congress (EJER 2019)<\/em>, 19 \u2013 22 June, Ankara, T\u00fcrkiye. (In Turkish)<\/li>\n\n\n\n<li>Demiraslan \u00c7evik, Y., Tepge\u00e7, M., Demir, \u00d6., Da\u011fhan, G., Somy\u00fcrek, S. &amp; <strong>Mumcu, F.<\/strong> (2019). System design for decision-making about information ethics: A usability study. <em>13th International Symposium on Computer and Instructional Technologies (ICITS 2019)<\/em>, 1 &#8211; 3 May, K\u0131r\u015fehir, T\u00fcrkiye. (In Turkish)<\/li>\n\n\n\n<li><strong>Mumcu, F.<\/strong>, Uslu, N. A. &amp; \u00dcst\u00fcnl\u00fco\u011flu, E. (2018). Acceptance of video and audio recording of lectures: Models and determinants. <em>6th International Instructional Technologies &amp; Teacher Education Symposium (ITTES)<\/em>, 12 &#8211; 14 September, Edirne, T\u00fcrkiye. (In Turkish)<\/li>\n\n\n\n<li>Uslu, N. A., <strong>Mumcu, F.<\/strong> &amp; \u00dcst\u00fcnl\u00fco\u011flu, E. (2018). Student views on video and audio recording of lectures at a university. <em>6<sup>th<\/sup> International Instructional Technologies &amp; Teacher Education Symposium (ITTES), <\/em>12 \u2013 14 September, Edirne, T\u00fcrkiye. (In Turkish)<\/li>\n\n\n\n<li><strong>Mumcu, F.<\/strong>, Uslu, N. A. &amp; Geri\u015f, A. (2018). Turkish adaptation study of pre-service teachers&#8217; information and communication technologies competencies scale. <em>VIII. International Congress of Educational Research (ULEAD 2018)<\/em>, 9 &#8211; 11 May, Manisa, T\u00fcrkiye. (In Turkish)<\/li>\n\n\n\n<li>Uslu, N. A., <strong>Mumcu, F.<\/strong> &amp; Geri\u015f, A. (2018). Adaptation study of information and communication technologies (ICT) motivation inventory into Turkish. <em>VIII. International Congress for Research in Education (ULEAD 2018)<\/em>, 9 &#8211; 11 May, Manisa, T\u00fcrkiye. (In Turkish)<\/li>\n\n\n\n<li><strong>Mumcu, F.<\/strong> (2015). Are pre-service teachers ready to integrate ICT into the teaching and learning process: Lesson plans. <em>2<sup>nd<\/sup> International Eurasian Educational Research Congress (EJER 2015)<\/em>, 8 \u2013 10 Haziran, Ankara, T\u00fcrkiye. (In Turkish)<\/li>\n<\/ol>\n\n\n\n<p><\/p>\n","protected":false},"excerpt":{"rendered":"<p>Papers presented at international scientific meetings and published in full text in the proceedings Papers presented at international scientific meetings and published as abstracts Papers presented at national scientific meetings and published as full text Papers presented at national scientific meetings and published as abstracts<\/p>\n","protected":false},"author":1,"featured_media":0,"parent":0,"menu_order":2,"comment_status":"closed","ping_status":"closed","template":"","meta":{"_themeisle_gutenberg_block_has_review":false,"footnotes":""},"class_list":["post-37","page","type-page","status-publish","hentry"],"_links":{"self":[{"href":"http:\/\/www.filizmumcu.com\/index.php\/wp-json\/wp\/v2\/pages\/37","targetHints":{"allow":["GET"]}}],"collection":[{"href":"http:\/\/www.filizmumcu.com\/index.php\/wp-json\/wp\/v2\/pages"}],"about":[{"href":"http:\/\/www.filizmumcu.com\/index.php\/wp-json\/wp\/v2\/types\/page"}],"author":[{"embeddable":true,"href":"http:\/\/www.filizmumcu.com\/index.php\/wp-json\/wp\/v2\/users\/1"}],"replies":[{"embeddable":true,"href":"http:\/\/www.filizmumcu.com\/index.php\/wp-json\/wp\/v2\/comments?post=37"}],"version-history":[{"count":26,"href":"http:\/\/www.filizmumcu.com\/index.php\/wp-json\/wp\/v2\/pages\/37\/revisions"}],"predecessor-version":[{"id":649,"href":"http:\/\/www.filizmumcu.com\/index.php\/wp-json\/wp\/v2\/pages\/37\/revisions\/649"}],"wp:attachment":[{"href":"http:\/\/www.filizmumcu.com\/index.php\/wp-json\/wp\/v2\/media?parent=37"}],"curies":[{"name":"wp","href":"https:\/\/api.w.org\/{rel}","templated":true}]}}