{"id":315,"date":"2023-11-06T15:02:04","date_gmt":"2023-11-06T12:02:04","guid":{"rendered":"http:\/\/www.filizmumcu.com\/?page_id=315"},"modified":"2026-03-09T13:19:30","modified_gmt":"2026-03-09T10:19:30","slug":"diger-etkinlikler","status":"publish","type":"page","link":"http:\/\/www.filizmumcu.com\/index.php\/diger-etkinlikler\/","title":{"rendered":"Talks"},"content":{"rendered":"\n<p><strong>Mumcu, F. <\/strong>(2026). Integrating Computational Thinking into STEM Education. <em>STEAIMCT Teacher Education Workshops<\/em>, March 5, <a href=\"https:\/\/www.facebook.com\/permalink.php?story_fbid=pfbid0f9tbgWuKw3ugHcUmn4ujW8okG2TBFFPtyR8YtkSj2FUtECbsWHKM5BQK6qG5hHaDl&amp;id=61584333033780\" target=\"_blank\" rel=\"noreferrer noopener\">Project: STEaiM &#8211; CT<br>\u201cEmpowering Pre\u2011Service STEM Teachers with AI for Computational Thinking\u201d<\/a>, Slovakia.<\/p>\n\n\n\n<p><strong>Mumcu, F. <\/strong>(2025). From Instructional Design to System Design: A Holistic Approach to Digital Transformation in Education. <em>Digital Education 2025 Conference<\/em>, October 24, The EdTech Center Western Balkans, Serbia. <a href=\"https:\/\/edtech.center\/en\/conference-digital-education-agenda\/\">https:\/\/edtech.center\/en\/conference-digital-education-agenda\/<\/a> <a href=\"https:\/\/edtech.center\/en\/member\/filiz-mumcu\/\">https:\/\/edtech.center\/en\/member\/filiz-mumcu\/<\/a><\/p>\n\n\n\n<p><strong>Mumcu, F. <\/strong>(2025). AI and the Future of Learning: Transforming Education, Workforce Development, and Lifelong Learning. <em>Future &amp; AI Conference<\/em>, June 5, Chamber of Commerce of Serbia, Belgrade, Serbia. <a href=\"https:\/\/futureand.ai\/serbia\">https:\/\/futureand.ai\/serbia<\/a> <a href=\"https:\/\/www.linkedin.com\/posts\/filiz-mumcu-8b995153_futureandai-artificialintelligence-keynotespeaker-activity-7337586565235290112-ukvr?utm_source=share&amp;utm_medium=member_desktop&amp;rcm=ACoAAAtaPM0BfP_eyyOm1WdZVHbCONMMHugqYek\" target=\"_blank\" rel=\"noreferrer noopener\">Reflections from Future &amp; AI Conference on LinkedIn<\/a><\/p>\n\n\n\n<p><strong>Mumcu, F. <\/strong>(2025). Digital Competencies for teachers in the era of AI for STEM teaching and learning. <em>ISEP Webinars on Novel Teaching Methodologies<\/em>, March 26, Instituto Superior de Engenharia do Porto (ISEP) &#8211; Instituto Polit\u00e9cnico do Porto (IPP), Portugal. <a href=\"https:\/\/www.isep.ipp.pt\/Page\/ViewPage\/ISEP_Semin_Prog\">https:\/\/www.isep.ipp.pt\/Page\/ViewPage\/ISEP_Semin_Prog<\/a><\/p>\n\n\n\n<figure class=\"wp-block-image size-large\"><img loading=\"lazy\" decoding=\"async\" width=\"850\" height=\"1024\" src=\"http:\/\/www.filizmumcu.com\/wp-content\/uploads\/2025\/04\/image-2-850x1024.png\" alt=\"\" class=\"wp-image-564\" srcset=\"http:\/\/www.filizmumcu.com\/wp-content\/uploads\/2025\/04\/image-2-850x1024.png 850w, http:\/\/www.filizmumcu.com\/wp-content\/uploads\/2025\/04\/image-2-249x300.png 249w, http:\/\/www.filizmumcu.com\/wp-content\/uploads\/2025\/04\/image-2-768x925.png 768w, http:\/\/www.filizmumcu.com\/wp-content\/uploads\/2025\/04\/image-2.png 1226w\" sizes=\"auto, (max-width: 850px) 100vw, 850px\" \/><\/figure>\n\n\n\n<p><strong>Mumcu, F. <\/strong>(2025). Educational Technology and International Collaborations Between Universities, EdTech Companies, and EdTech Associations. <em>STEAM in the Digital Age: Innovations in STEAM Education and Technology Integration<\/em>, March 19, Johannes Kepler University In collaboration with The Southeast Asian Ministers of Education Organization Regional Centre for STEM Education, Linz, Austria. <a href=\"https:\/\/www.seameo-stemed.org\/news-and-events\/%f0%9d%97%9b%f0%9d%98%86%f0%9d%97%af%f0%9d%97%bf%f0%9d%97%b6%f0%9d%97%b1-%f0%9d%97%aa%f0%9d%97%b2%f0%9d%97%af%f0%9d%97%b6%f0%9d%97%bb%f0%9d%97%ae%f0%9d%97%bf-%f0%9d%97%a6%f0%9d%97%a7%f0%9d%97%98\/\" target=\"_blank\" rel=\"noreferrer noopener\">https:\/\/www.seameo-stemed.org\/<\/a> <\/p>\n\n\n\n<figure class=\"wp-block-image size-full\"><img loading=\"lazy\" decoding=\"async\" width=\"819\" height=\"1024\" src=\"http:\/\/www.filizmumcu.com\/wp-content\/uploads\/2025\/04\/image-1.png\" alt=\"\" class=\"wp-image-560\" srcset=\"http:\/\/www.filizmumcu.com\/wp-content\/uploads\/2025\/04\/image-1.png 819w, http:\/\/www.filizmumcu.com\/wp-content\/uploads\/2025\/04\/image-1-240x300.png 240w, http:\/\/www.filizmumcu.com\/wp-content\/uploads\/2025\/04\/image-1-768x960.png 768w\" sizes=\"auto, (max-width: 819px) 100vw, 819px\" \/><\/figure>\n\n\n\n<p><strong>Mumcu, F. <\/strong>(2025). 30+ years in computer science. <em>Women in Computer Science, <\/em>March 08, Middle East Technical University Computer Club, Ankara, T\u00fcrkiye. <a href=\"https:\/\/www.cclub.metu.edu.tr\/announcements\/\">https:\/\/www.cclub.metu.edu.tr\/announcements\/<\/a><\/p>\n\n\n\n<figure class=\"wp-block-image size-large\"><img loading=\"lazy\" decoding=\"async\" width=\"1024\" height=\"1024\" src=\"http:\/\/www.filizmumcu.com\/wp-content\/uploads\/2025\/04\/image-1024x1024.png\" alt=\"\" class=\"wp-image-558\" srcset=\"http:\/\/www.filizmumcu.com\/wp-content\/uploads\/2025\/04\/image-1024x1024.png 1024w, http:\/\/www.filizmumcu.com\/wp-content\/uploads\/2025\/04\/image-300x300.png 300w, http:\/\/www.filizmumcu.com\/wp-content\/uploads\/2025\/04\/image-150x150.png 150w, http:\/\/www.filizmumcu.com\/wp-content\/uploads\/2025\/04\/image-768x768.png 768w, http:\/\/www.filizmumcu.com\/wp-content\/uploads\/2025\/04\/image-1536x1536.png 1536w, http:\/\/www.filizmumcu.com\/wp-content\/uploads\/2025\/04\/image.png 1620w\" sizes=\"auto, (max-width: 1024px) 100vw, 1024px\" \/><\/figure>\n\n\n\n<p><strong>Mumcu, F.<\/strong>&nbsp;(2024). Digital Transformation in Education: Competencies, Environments, Approaches<em>.&nbsp;The 4th International Congress on Excellence in Education (IEXCEL)&nbsp;\u201cTransformation of people and education in the digital world\u201d<\/em>, May 24 \u2013 26, Ayd\u0131n Adnan Menderes University &amp; K\u0131r\u015fehir Ahi Evran University, Turkiye.<\/p>\n\n\n\n<p><strong>Mumcu, F.<\/strong> (2023). Transformation of STEM Education through Computer Science Education. <em>Hacettepe University Sustainable Teaching and Learning Centre Activities &#8211; Innovative Teaching Approaches Talks<\/em>, 8 December, Hacettepe University, Ankara, Turkiye.<\/p>\n\n\n\n<p><strong>Mumcu, F.<\/strong> (2023). Transforming Education through Computer Science Education. <em>International Conference on Innovation in Education and Pedagogy (ICIEP 2023)<\/em>, October 28, University of Borneo Tarakan, Kalimantan Utara, Indonesia.<\/p>\n\n\n\n<p><strong>Mumcu, F.<\/strong> (2023). Reimagining STEAM: Booming computer science education as a component of STEAM education. <em>Full STEAM ahead! Conference<\/em>, January 11 \u2013 13, Johannes Kepler University, Linz, Austria.<\/p>\n\n\n\n<p><strong>Mumcu, F.<\/strong> &amp; Y\u0131ld\u0131z, B. (2022). Integrated STEM Education. <em>STEAM-BOX: Courses, Tools, Resources for Teachers\u201d Project (2020-1-HU01-KA201-078743) Multiplier Event<\/em>.<\/p>\n\n\n\n<p><strong>Mumcu, F.<\/strong> (2020). New Approaches in Distance Education. <em>The 3rd International Conference on Distance Learning and Innovative Educational Technologies (DILET 2020)<\/em>, December 10 \u2013 11, Baskent University, Ankara, Turkiye.<\/p>\n\n\n\n<p><strong>Mumcu, F.<\/strong> (2020). The Use of Collaborative Practices in Distance Education in Emergencies. <em>Distance Education Teacher Meeting<\/em>s, 4 May 2020, Nev\u015fehir Provincial Directorate of National Education, Nev\u015fehir, Turkiye.<\/p>\n\n\n\n<p><strong>Mumcu, F. <\/strong>(2019). Foundation of Interdisciplinary Teacher Academy. <em>STEM4Future Experience Sharing Day<\/em>, May 20, Middle East Technical University (METU), Ankara, Turkiye.<\/p>\n\n\n\n<p><strong>Mumcu, F. <\/strong>(2019). TUBITAK 4005 Projects: Bridge between Schools and Faculties of Education Panel. <em>13<sup>th<\/sup> International Computer and Instructional Technologies Symposium (ICITS 2019),<\/em> May 2 \u2013 4, K\u0131r\u015fehir Ahi Evran University, K\u0131r\u015fehir, Turkiye.<\/p>\n\n\n\n<p><strong>Mumcu, F. <\/strong>(2017). ICT Integration in Schools. <em>Developing Teaching Cases Together for Management Education<\/em>, January 26 \u2013 27, Middle East Technical University (METU), Ankara, Turkiye.<\/p>\n\n\n\n<p><strong>Mumcu, F. <\/strong>(2016). E-learning in Professional Education. <em>Participant-Centred Learning in Management Education Workshop, <\/em>March 21 \u2013 24, Istanbul Technical University, \u0130stanbul, Turkiye.<\/p>\n\n\n\n<p><strong>Mumcu, F. <\/strong>(2015). Integration of ICT into In-service Training. <em>European Centre for Parliamentary Research and Documentation (ECPRD) ICT in Parliaments Seminar (E-Parliament ICT Services from Everywhere and at Any Time: New Challenges and Projects)<\/em>, November 5 \u2013 6, the Grand National Assembly of Turkiye, Ankara, Turkiye.<\/p>\n\n\n\n<p><em><strong>Case Writing<\/strong>:<\/em><\/p>\n\n\n\n<p><strong>Mumcu, F.<\/strong> (2018). <em>Effective ICT Integration Strategies in Schools: Should Teachers<br>Integrate or not Integrate?<\/em> <a href=\"http:\/\/cat.ba.metu.edu.tr\/en\/system\/files\/selected_cases_volume.pdf\">Case Alliance Turkiye (CAT) Selected Cases<br>Volume<\/a>. http:\/\/cat.ba.metu.edu.tr\/en\/system\/files\/selected_cases_volume.pdf<\/p>\n\n\n\n<p><em><strong>Memberships in Scientific and Professional Organizations<\/strong>:<\/em><\/p>\n\n\n\n<p>Interdisciplinary Teacher Academy Research Group (Founding Member) (2019-present) (<a href=\"http:\/\/interteacher.org\/\">http:\/\/interteacher.org\/<\/a>)<\/p>\n\n\n\n<p>Board Member of the Association of IT Educators (2020-present) (<a href=\"https:\/\/bte.org.tr\/\">https:\/\/bte.org.tr\/<\/a>)<\/p>\n\n\n\n<p>Advisory Board Member of the Turkey Barrier-Free IT Platform (2020-present) (<a href=\"https:\/\/www.engelsizbilisim.org\/\">https:\/\/www.engelsizbilisim.org\/<\/a>)<\/p>\n\n\n\n<p><em><strong>Scientific Meeting Activities<\/strong>:<\/em><\/p>\n\n\n\n<p>Member of the Organizing Committee for the \u201cWorkshop on Developments in the Case Study Method for Entrepreneurship Education,\u201d supported by T\u00dcB\u0130TAK within the scope of Collaboration and Priority Areas Event Organization Support (2223-D), held from June 17\u201319, 2019.<\/p>\n\n\n\n<p>Member of the Scientific Committee and Organizing Committee for the VIII. International Congress on Educational Research (ULEAD), held at Manisa Celal Bayar University from May 9\u201311, 2018.<\/p>\n\n\n\n<p><em><strong>Other Activities<\/strong>:<\/em><\/p>\n\n\n\n<p>Instructor for Teacher Training in the Kodla(Ma)nisa (Coding) Project (February 7\u20139, 2018)<\/p>\n\n\n\n<p>Project Work Coordinator for the Kodla(Ma)nisa (Coding) Project 3rd Content Development Workshop (October 5, 2017)<\/p>\n\n\n\n<p>Jury Member for the Kodla(Ma)nisa (Coding) Project 2nd Festival (May 22, 2017)<\/p>\n\n\n\n<p>Instructor for In-Service Training at the Administrative Organization of the Grand National Assembly of Turkey (2012\u20132013) [Basic and Advanced MS Office Training, English Speaking Club]<\/p>\n\n\n\n<p><strong><em>Column:<\/em><\/strong><\/p>\n\n\n\n<p><strong>\u00d6\u011frencilerimizi dijital d\u00fcnyaya haz\u0131rlamak:<\/strong> <strong>Bilgisayar kullanmadan bilgisayar bilimini \u00f6\u011fretebilir miyiz?<\/strong> <a href=\"https:\/\/www.kolaykampus.com\/blog-detay\/ogrencileri-dijital-dunyaya-nasil-hazirlariz\">\u00d6\u011frencileri dijital d\u00fcnyaya nas\u0131l haz\u0131rlar\u0131z?<\/a><\/p>\n\n\n\n<p><\/p>\n","protected":false},"excerpt":{"rendered":"<p>Mumcu, F. (2026). Integrating Computational Thinking into STEM Education. STEAIMCT Teacher Education Workshops, March 5, Project: STEaiM &#8211; CT\u201cEmpowering Pre\u2011Service STEM Teachers with AI for Computational Thinking\u201d, Slovakia. Mumcu, F. (2025). From Instructional Design to System Design: A Holistic Approach to Digital Transformation in Education. Digital Education 2025 Conference, October 24, The EdTech Center Western [&hellip;]<\/p>\n","protected":false},"author":1,"featured_media":0,"parent":0,"menu_order":0,"comment_status":"closed","ping_status":"closed","template":"","meta":{"_themeisle_gutenberg_block_has_review":false,"footnotes":""},"class_list":["post-315","page","type-page","status-publish","hentry"],"_links":{"self":[{"href":"http:\/\/www.filizmumcu.com\/index.php\/wp-json\/wp\/v2\/pages\/315","targetHints":{"allow":["GET"]}}],"collection":[{"href":"http:\/\/www.filizmumcu.com\/index.php\/wp-json\/wp\/v2\/pages"}],"about":[{"href":"http:\/\/www.filizmumcu.com\/index.php\/wp-json\/wp\/v2\/types\/page"}],"author":[{"embeddable":true,"href":"http:\/\/www.filizmumcu.com\/index.php\/wp-json\/wp\/v2\/users\/1"}],"replies":[{"embeddable":true,"href":"http:\/\/www.filizmumcu.com\/index.php\/wp-json\/wp\/v2\/comments?post=315"}],"version-history":[{"count":42,"href":"http:\/\/www.filizmumcu.com\/index.php\/wp-json\/wp\/v2\/pages\/315\/revisions"}],"predecessor-version":[{"id":693,"href":"http:\/\/www.filizmumcu.com\/index.php\/wp-json\/wp\/v2\/pages\/315\/revisions\/693"}],"wp:attachment":[{"href":"http:\/\/www.filizmumcu.com\/index.php\/wp-json\/wp\/v2\/media?parent=315"}],"curies":[{"name":"wp","href":"https:\/\/api.w.org\/{rel}","templated":true}]}}