{"id":2,"date":"2022-02-25T14:03:39","date_gmt":"2022-02-25T14:03:39","guid":{"rendered":"http:\/\/www.filizmumcu.com\/?page_id=2"},"modified":"2026-01-20T11:28:33","modified_gmt":"2026-01-20T08:28:33","slug":"makaleler","status":"publish","type":"page","link":"http:\/\/www.filizmumcu.com\/index.php\/makaleler\/","title":{"rendered":"Articles"},"content":{"rendered":"\n<p><\/p>\n\n\n\n<ol start=\"1\" class=\"wp-block-list\">\n<li>Din\u00e7er Aksoy, B.,&nbsp;<strong>Mumcu, F.<\/strong>, &amp; Cant\u00fcrk G\u00fcnhan, B. (2026). Unveiling the Nexus: Computational Thinking and Mathematical Modeling in K12 Education- A Teacher-Centric Exploration.&nbsp;<em>Thinking Skills &amp; Creativity, 60<\/em>, 102049.&nbsp;<a href=\"https:\/\/www.sciencedirect.com\/science\/article\/pii\/S1871187125002974\">https:\/\/www.sciencedirect.com\/science\/article\/pii\/S1871187125002974<\/a><\/li>\n\n\n\n<li>Infanger, E. M., Lindenbauer, E., <strong>Mumcu, F.<\/strong>, Lavicza, Z., &amp; Hohenwarter, M. (2026). Mapping mathematical development: predicting exam performance with a competence model.&nbsp;<em>Teaching Mathematics and its Applications: An International Journal of the IMA<\/em>, 1-16. <a href=\"https:\/\/doi.org\/10.1093\/teamat\/hraf022\">https:\/\/doi.org\/10.1093\/teamat\/hraf022<\/a><\/li>\n\n\n\n<li>Andjic, B., Mari\u010di\u0107, M., Soeharto, S., <strong>Mumcu, F.<\/strong>, Weinhandl, R., Lavicza, Z., \u0160pernjak, A., Rokos, L., Vondru\u0161ka, J., &amp; \u0160orgo, A. (2025). Relations Between Teachers&#8217; Technology Integration Within ICAP Modes With Moderation Effects: International Perspective. <em>Humanities and Social Sciences Communications, 12<\/em>, <em>1701.<\/em> <a href=\"https:\/\/doi.org\/10.1057\/s41599-025-05960-z\">https:\/\/doi.org\/10.1057\/s41599-025-05960-z<\/a><\/li>\n\n\n\n<li>Mari\u010di\u0107, M., Andjic, B., <strong>Mumcu, F.<\/strong>, Rokos, L., Vondru\u0161ka, J., Weinhandl, R., Lavicza, Z., &amp; \u0160pernjak, A. (2025). Evaluating the Quality of Technology Integration across Seven European Countries with the ICAP Technology Scale. <em>Journal of Computers in Education,&nbsp;12<\/em>, 1135\u20131172. <a href=\"https:\/\/doi.org\/10.1007\/s40692-024-00341-y\" target=\"_blank\" rel=\"noreferrer noopener\">https:\/\/doi.org\/10.1007\/s40692-024-00341-y<\/a><\/li>\n\n\n\n<li><strong>Mumcu, F.<\/strong>, Andic, B., Maricic, M., Tejera, M., &amp; Lavicza, Z. (2025). Unpacking teachers\u2019 value beliefs about computational thinking and programming. <em>Journal of Educational Technology &amp; Online Learning, 8<\/em>(1), 41-63. <a href=\"https:\/\/doi.org\/10.31681\/jetol.1497284\" target=\"_blank\" rel=\"noreferrer noopener\">https:\/\/doi.org\/10.31681\/jetol.1497284<\/a><\/li>\n\n\n\n<li>Din\u00e7er Aksoy, B., Cant\u00fcrk G\u00fcnhan, B., &amp; <strong>Mumcu, F.<\/strong> (2025). An overview of the epistemological link between mathematical thinking and computational thinking from theory to practice. <em>Pamukkale University Journal of Education, 64<\/em>, 123-149. <a href=\"https:\/\/doi.org\/10.9779\/pauefd.1438401\" target=\"_blank\" rel=\"noreferrer noopener\">https:\/\/doi.org\/10.9779\/pauefd.1438401<\/a><\/li>\n\n\n\n<li>Mari\u010di\u0107, M., Andjic, B., <strong>Mumcu, F.<\/strong>, Maric, M., Gordi\u0107, S., Ranitovi\u0107, M.G., &amp; Cvjeti\u0107anin, S. (2025). Enhancing student engagement through instructional STEAM learning activities and self-explanation effect. <em>Eurasia Journal of Mathematics, Science and Technology Education, 21<\/em>(1), 1-14. <a href=\"https:\/\/doi.org\/10.29333\/ejmste\/15798\" target=\"_blank\" rel=\"noreferrer noopener\">https:\/\/doi.org\/10.29333\/ejmste\/15798<\/a><\/li>\n\n\n\n<li>Mari\u010di\u0107, M., An\u0111i\u0107, B., Soeharto, S., <strong>Mumcu, F.<\/strong>, Cvjeti\u0107anin, S., &amp; Lavicza, Z. (2024). The exploration of continuous teaching intention in emerging-technology environments through perceived cognitive load, usability, and teacher\u2019s attitudes. <em>Education and Information Technologies. <\/em><a href=\"https:\/\/doi.org\/10.1007\/s10639-024-13141-9\" target=\"_blank\" rel=\"noreferrer noopener\">https:\/\/doi.org\/10.1007\/s10639-024-13141-9<\/a><\/li>\n\n\n\n<li>Andjic, B., Mari\u010di\u0107, M., Weinhandl, R., <strong>Mumcu, F.<\/strong>, Schmidthaler, E., &amp; Lavicza, Z. (2024). Metaphorical Evolution: A Longitudinal Study of Secondary School Teachers\u2019 Concepts of 3D Modelling and Printing in Education. <em>Education and Information Technologies<\/em>. <a href=\"https:\/\/doi.org\/10.1007\/s10639-023-12408-x\" target=\"_blank\" rel=\"noreferrer noopener\">https:\/\/doi.org\/10.1007\/s10639-023-12408-x<\/a><\/li>\n\n\n\n<li>Ha\u015flaman, T., <strong>Mumcu, F.<\/strong>, &amp; Atman Uslu, N. (2024). Fostering Computational Thinking through Digital Storytelling: A Distinctive Approach to Promoting Computational Thinking Skills of Pre-Service Teachers. <em>Education and Information Technologies<\/em>. <a href=\"https:\/\/doi.org\/10.1007\/s10639-024-12583-5\" target=\"_blank\" rel=\"noreferrer noopener\">https:\/\/doi.org\/10.1007\/s10639-024-12583-5<\/a><\/li>\n\n\n\n<li>Laksmiwati, P. A., Lavicza, Z., Cahyono, A. N., Alagic, M., &amp; <strong>Mumcu, F.<\/strong> (2024). When engineering design meets STEAM education in hybrid learning environment: Teachers\u2019 innovation key through design heuristics. <em>Asia Pacific Journal of Education<\/em>. <a href=\"https:\/\/doi.org\/10.1080\/02188791.2024.2373226\" target=\"_blank\" rel=\"noreferrer noopener\">https:\/\/doi.org\/10.1080\/02188791.2024.2373226<\/a><\/li>\n\n\n\n<li>Andjic, B., Mari\u010di\u0107, M., <strong>Mumcu, F.<\/strong>, Prodromou, T., Leoste, J., Saimon, M., &amp; Lavicza, Z. (2024). Direct and Indirect Instruction in Educational Robotics: A Comparative Study Of Task Performance per Cognitive Level And Student Perception. <em>Smart Learning Environments, 11<\/em>, 12<em>. <\/em><a href=\"https:\/\/doi.org\/10.1186\/s40561-024-00298-6\" target=\"_blank\" rel=\"noreferrer noopener\">https:\/\/doi.org\/10.1186\/s40561-024-00298-6<\/a><\/li>\n\n\n\n<li>Ha\u015flaman, T., Atman Uslu, N., &amp; <strong>Mumcu, F.<\/strong> (2024). Development and in-depth investigation of pre-service teachers\u2019 digital competencies based on DigCompEdu: a case study. <em>Quality &amp; Quantity<\/em>, <em>8, <\/em>961-986. <a href=\"https:\/\/doi.org\/10.1007\/s11135-023-01674-z\" target=\"_blank\" rel=\"noreferrer noopener\">https:\/\/doi.org\/10.1007\/s11135-023-01674-z<\/a><\/li>\n\n\n\n<li><strong>Mumcu, F.<\/strong>, Uslu, N. A., &amp; Y\u0131ld\u0131z, B. (2023). Teacher development in integrated STEM education: Design of lesson plans through the lens of computational thinking. <em>Education and Information Technologies, 28<\/em>, 3443\u20133474. <a href=\"https:\/\/doi.org\/10.1007\/s10639-022-11342-8\">https:\/\/doi.org\/10.1007\/s10639-022-11342-8<\/a><\/li>\n\n\n\n<li><strong>Mumcu, F.<\/strong>, K\u0131d\u0131man, E., &amp; \u00d6zdin\u00e7, F. (2023). Integrating computational thinking into mathematics education through an unplugged computer science activity. <em>Journal of Pedagogical Research, 7<\/em>(2), 72-92. <a href=\"https:\/\/doi.org\/10.33902\/JPR.202318528\">https:\/\/doi.org\/10.33902\/JPR.202318528<\/a><\/li>\n\n\n\n<li><strong>Mumcu, F.<\/strong> (2022). <a href=\"https:\/\/dergipark.org.tr\/tr\/download\/article-file\/2365922\">Is Personal Innovativeness Decisive in Preservice Teachers\u2019 ICT Competencies?<\/a>. <em>Instructional Technology and Lifelong Learning, 3<\/em>(1), 1-18. <a href=\"https:\/\/doi.org\/10.52911\/itall.1101391\">https:\/\/doi.org\/10.52911\/itall.1101391<\/a><\/li>\n\n\n\n<li><strong>Mumcu, F.<\/strong>, Uslu, N. A., \u00d6zdin\u00e7, F., &amp; Y\u0131ld\u0131z, B. (2022). Exploring teacher development courses in the lens of integrated STEM education: A holistic multiple case study. <em>International Journal of Contemporary Educational Research, 9<\/em>(3), 476-491. <a href=\"https:\/\/doi.org\/10.33200\/ijcer.1035464\">https:\/\/doi.org\/10.33200\/ijcer.1035464<\/a><\/li>\n\n\n\n<li><strong>Mumcu, F.<\/strong>, Uslu, N. A., &amp; Y\u0131ld\u0131z, B. (2022). Investigating teachers\u2019 expectations from a professional development program for integrated STEM education. <em>Journal of Pedagogical Research, 6<\/em>(2), 44-60. <a href=\"https:\/\/dx.doi.org\/10.33902\/JPR.202213543\">https:\/\/dx.doi.org\/10.33902\/JPR.202213543<\/a><\/li>\n\n\n\n<li>\u00d6zdin\u00e7, F., Kaya, G., <strong>Mumcu, F.<\/strong>, &amp; Y\u0131ld\u0131z, B. (2022). Integration of computational thinking into STEM activities: an example of an interdisciplinary unplugged programming activity. <em>Science Activities \u2013 Projects and Curriculum Ideas in STEM Classrooms, 59<\/em>(3), 151-159. <a href=\"https:\/\/doi.org\/10.1080\/00368121.2022.2071817\">https:\/\/doi.org\/10.1080\/00368121.2022.2071817<\/a><\/li>\n\n\n\n<li>Ustunluoglu, E., <strong>Mumcu, F.<\/strong>, Uslu, N.A., &amp; Askar, P. (2022). A case study on the usage of lecture capture: perceptions of students, faculty members and administrators. <em>J Comput High Educ, 34<\/em>, 343\u2013370. <a href=\"https:\/\/doi.org\/10.1007\/s12528-021-09302-1\">https:\/\/doi.org\/10.1007\/s12528-021-09302-1<\/a><\/li>\n\n\n\n<li>Demirta\u015f, B. &amp; <strong>Mumcu, F.<\/strong> (2021). Pre-Service Teachers\u2019 Perceptions of ICT and TPACK Competencies. <em>Acta Educationis Generalis, 11<\/em>(2), 60-82. <a href=\"https:\/\/doi.org\/10.2478\/atd-2021-0013\">https:\/\/doi.org\/10.2478\/atd-2021-0013<\/a><\/li>\n\n\n\n<li>Uslu, N. A., <strong>Mumcu, F.<\/strong> &amp; \u00dcst\u00fcnl\u00fco\u011flu, E. (2020). Investigation of Lecture Capture System (LCS) Use in Higher Education in terms of Students. <em>Educational Technology Theory and Practice, 10<\/em>(2), 590-607. (In Turkish)<\/li>\n\n\n\n<li>Demiraslan \u00c7evik, Y. Tepge\u00e7, M., <strong>Mumcu, F.<\/strong>, Somy\u00fcrek, S. &amp; Da\u011fhan, G. (2020). Evaluating the Usability of the Decision-Making System on ICT Ethics with Multiple Methods. <em>Educational Technology Theory and Practice, 10<\/em>(2), 526-548. (In Turkish)<\/li>\n\n\n\n<li>Demiraslan \u00c7evik, Y., Do\u011fan, N., Da\u011fhan, G., <strong>Mumcu, F.<\/strong>, Somy\u00fcrek, S., &amp; Karaman, H. (2019). Validation of Pre-Adolescent Decision-Making Competence in Turkish Students. <em>Judgment and Decision Making, 14<\/em>(3), 364-372.<\/li>\n\n\n\n<li>Uslu, N. A., <strong>Mumcu, F.<\/strong> &amp; E\u011fin, F. (2018). The Effect of Visual Programming Activities on Secondary School Students\u2019 Computational Thinking Skills. <em>Journal of Ege Education Technologies, 2<\/em>(1), 19- 31. (In Turkish)<\/li>\n\n\n\n<li><strong>Mumcu, F.<\/strong> (2017). Preparedness of Preservice Teachers to Integration of ICT Into Learning and Teaching Process: Change in Knowledge and Beliefs. <em>Educational Technology Theory and Practice, 7<\/em>(1), 31-56<em>. <\/em>(In Turkish)<\/li>\n\n\n\n<li>G\u00f6k\u00e7earslan \u015e., <strong>Mumcu, F.<\/strong>, Ha\u015flaman, T., &amp; Demiraslan-\u00c7evik, Y. (2016). Modelling Smartphone Addiction: The Role of Smartphone Usage, Self-Regulation, General Self-Efficacy and Cyberloafing in University Students. <em>Computers in Human Behavior, 63, <\/em>639-649<em>.<\/em><\/li>\n\n\n\n<li><strong>Mumcu, F.<\/strong> &amp; Usluel, Y. (2015). Designing a Networked Learning Process About ICT Integration for Preservice Teachers. <em>Ankara University Journal of Faculty of Educational Sciences, 48<\/em>(1), 19-47. (In Turkish)<\/li>\n\n\n\n<li>Demiraslan-\u00c7evik, Y., Ha\u015flaman, T., <strong>Mumcu, F.<\/strong> &amp; G\u00f6k\u00e7earslan, \u015e. (2015). Control Dimension of Self-regulation: A Scale Adaptation Study. <em>Ba\u015fkent University Journal of Education<\/em>, <em>2<\/em>(2), 99-108. (In Turkish)<\/li>\n\n\n\n<li><strong>Mumcu, F.<\/strong> &amp; Usluel, Y. K. (2010). ICT in Vocational and Technical Schools: Teachers\u2019 Instructional, Managerial and Personal Use Matters. <a href=\"http:\/\/www.tojet.net\/articles\/9112.pdf\"><em>The Turkish Online Journal of Educational Technology (TOJET),<\/em><\/a><em> 9<\/em>(1), 98-106.<\/li>\n\n\n\n<li>Ha\u015flaman, T., Demiraslan, Y., <strong>Mumcu, F.<\/strong>, D\u00f6nmez, O. &amp; A\u015fkar, P. (2008). Investigation of Communication Patterns in Group Discussion in Online Environment through Discourse Analysis. <em>Hacettepe University Journal of Faculty of Education<\/em>, <em>35,<\/em> 162-174.<\/li>\n\n\n\n<li>Ha\u015flaman, T., <strong>Mumcu, F.<\/strong> &amp; Usluel, Y. K. (2007). A Lesson Plan Example for Integrating Information and Communication Technologies with Learning-Teaching Processes. <em>Education and Science, 32 <\/em>(146), 54-63.<\/li>\n\n\n\n<li>Usluel, Y. K., <strong>Mumcu, F. <\/strong>&amp; Demiraslan, Y (2007). Information and Communication Technologies in the Learning-Teaching Process: Teachers&#8217; Views on Integration Process and Barriers. <em>Hacettepe University Journal of Faculty of Education, 32,<\/em> 164-178.<\/li>\n\n\n\n<li>Askar, P., Usluel, Y. K., &amp; <strong>Mumcu, F.<\/strong> (2006). Logistic Regression Modeling for Predicting Task-Related ICT Use in Teaching. <em>Educational Technology &amp; Society<\/em>, <em>9 <\/em>(2), 141-151.<\/li>\n\n\n\n<li><strong>Mumcu, F.<\/strong> &amp; Usluel, Y. (2004). Use of Computers by Vocational and Technical Schools\u2019 Teachers and Obstacles. <em>Hacettepe University Journal of Education<\/em>, <em>26<\/em>, 91-100. (In Turkish)<\/li>\n<\/ol>\n\n\n\n<p><\/p>\n","protected":false},"excerpt":{"rendered":"","protected":false},"author":1,"featured_media":0,"parent":0,"menu_order":0,"comment_status":"closed","ping_status":"open","template":"","meta":{"_themeisle_gutenberg_block_has_review":false,"footnotes":""},"class_list":["post-2","page","type-page","status-publish","hentry"],"_links":{"self":[{"href":"http:\/\/www.filizmumcu.com\/index.php\/wp-json\/wp\/v2\/pages\/2","targetHints":{"allow":["GET"]}}],"collection":[{"href":"http:\/\/www.filizmumcu.com\/index.php\/wp-json\/wp\/v2\/pages"}],"about":[{"href":"http:\/\/www.filizmumcu.com\/index.php\/wp-json\/wp\/v2\/types\/page"}],"author":[{"embeddable":true,"href":"http:\/\/www.filizmumcu.com\/index.php\/wp-json\/wp\/v2\/users\/1"}],"replies":[{"embeddable":true,"href":"http:\/\/www.filizmumcu.com\/index.php\/wp-json\/wp\/v2\/comments?post=2"}],"version-history":[{"count":83,"href":"http:\/\/www.filizmumcu.com\/index.php\/wp-json\/wp\/v2\/pages\/2\/revisions"}],"predecessor-version":[{"id":687,"href":"http:\/\/www.filizmumcu.com\/index.php\/wp-json\/wp\/v2\/pages\/2\/revisions\/687"}],"wp:attachment":[{"href":"http:\/\/www.filizmumcu.com\/index.php\/wp-json\/wp\/v2\/media?parent=2"}],"curies":[{"name":"wp","href":"https:\/\/api.w.org\/{rel}","templated":true}]}}