{"id":189,"date":"2022-11-07T17:03:09","date_gmt":"2022-11-07T14:03:09","guid":{"rendered":"http:\/\/www.filizmumcu.com\/?page_id=189"},"modified":"2022-11-07T17:39:06","modified_gmt":"2022-11-07T14:39:06","slug":"gonullu-katilim-formu","status":"publish","type":"page","link":"http:\/\/www.filizmumcu.com\/index.php\/gonullu-katilim-formu\/","title":{"rendered":"G\u00f6n\u00fcll\u00fc Kat\u0131l\u0131m Formu"},"content":{"rendered":"\n<p>T\u00dcB\u0130TAK Bilim \u0130nsan\u0131 Destek Programlar\u0131 Ba\u015fkanl\u0131\u011f\u0131 2219 Yurt D\u0131\u015f\u0131 Doktora Sonras\u0131 Ara\u015ft\u0131rma Burs Program\u0131 taraf\u0131ndan desteklenen \u201cBilgi \u0130\u015flemsel D\u00fc\u015f\u00fcnmenin FeTeMM E\u011fitimine Entegrasyonunun \u0130ncelenmesi: \u00d6\u011fretmenlerin Alg\u0131lar\u0131, G\u00f6r\u00fc\u015fleri ve Uygulamalar\u0131\u201d adl\u0131 ara\u015ft\u0131rman\u0131n amac\u0131 \u00f6\u011fretmenlerin bilgi i\u015flemsel d\u00fc\u015f\u00fcnmeyi FeTeMM e\u011fitimine entegrasyonlar\u0131na y\u00f6nelik alg\u0131, g\u00f6r\u00fc\u015f ve uygulamalar\u0131n\u0131 derinlemesine inceleme amac\u0131n\u0131 ta\u015f\u0131maktad\u0131r.<br>\uf0a7 Bu \u00e7al\u0131\u015fmaya kat\u0131l\u0131m\u0131n\u0131z g\u00f6n\u00fcll\u00fcl\u00fck esas\u0131na dayanmaktad\u0131r.<br>\uf0a7 \u00c7al\u0131\u015fman\u0131n amac\u0131 do\u011frultusunda anket ve g\u00f6r\u00fc\u015fme yoluyla sizden veriler toplanacakt\u0131r.<br>\uf0a7 \u0130sminizi yazmak ya da kimli\u011finizi a\u00e7\u0131\u011fa \u00e7\u0131karacak bir bilgi vermek zorunda de\u011filsiniz\/ara\u015ft\u0131rmada kat\u0131l\u0131mc\u0131lar\u0131n isimleri gizli tutulacakt\u0131r.<br>\uf0a7 Ara\u015ft\u0131rma kapsam\u0131nda toplanan veriler, sadece bilimsel ama\u00e7lar do\u011frultusunda kullan\u0131lacak, ara\u015ft\u0131rman\u0131n amac\u0131 d\u0131\u015f\u0131nda ya da bir ba\u015fka ara\u015ft\u0131rmada kullan\u0131lmayacak ve gerekmesi halinde, sizin (yaz\u0131l\u0131) izniniz olmadan ba\u015fkalar\u0131yla payla\u015f\u0131lmayacakt\u0131r.<br>\uf0a7 \u0130stemeniz halinde sizden toplanan verileri inceleme hakk\u0131n\u0131z bulunmaktad\u0131r.<br>\uf0a7 Sizden toplanan veriler ara\u015ft\u0131rmac\u0131n\u0131n ki\u015fisel bilgisayar\u0131nda korunacak ve ara\u015ft\u0131rma bitiminde ar\u015fivlenecek veya imha edilecektir.<br>\uf0a7 Veri toplama s\u00fcrecinde\/s\u00fcre\u00e7lerinde size rahats\u0131zl\u0131k verebilecek herhangi bir soru\/talep olmayacakt\u0131r. Yine de kat\u0131l\u0131m\u0131n\u0131z s\u0131ras\u0131nda herhangi bir sebepten rahats\u0131zl\u0131k hissederseniz \u00e7al\u0131\u015fmadan istedi\u011finiz zamanda ayr\u0131labileceksiniz. \u00c7al\u0131\u015fmadan ayr\u0131lman\u0131z durumunda sizden toplanan veriler \u00e7al\u0131\u015fmadan \u00e7\u0131kar\u0131lacak ve imha edilecektir.<br>G\u00f6n\u00fcll\u00fc kat\u0131l\u0131m formunu okumak ve de\u011ferlendirmek \u00fczere ay\u0131rd\u0131\u011f\u0131n\u0131z zaman i\u00e7in te\u015fekk\u00fcr ederim. \u00c7al\u0131\u015fma hakk\u0131ndaki sorular\u0131n\u0131z\u0131 Manisa Celal Bayar \u00dcniversitesi E\u011fitim Fak\u00fcltesi Bilgisayar ve \u00d6\u011fretim Teknolojileri E\u011fitimi B\u00f6l\u00fcm\u00fcnden Do\u00e7. Dr. Filiz Mumcu\u2019ya y\u00f6neltebilirsiniz.<\/p>\n\n\n\n<p>Ara\u015ft\u0131rmac\u0131lar : Do\u00e7. Dr. Filiz Mumcu &amp; Prof. Dr. Zsolt Lavicza<br>Manisa Celal Bayar \u00dcniversitesi E\u011fitim Fak\u00fcltesi Demirci Manisa, T\u00fcrkiye<br>Johannes Kepler Universit\u00e4t Linz School of Education Linz, Austria<\/p>\n\n\n\n<p><\/p>\n","protected":false},"excerpt":{"rendered":"<p>T\u00dcB\u0130TAK Bilim \u0130nsan\u0131 Destek Programlar\u0131 Ba\u015fkanl\u0131\u011f\u0131 2219 Yurt D\u0131\u015f\u0131 Doktora Sonras\u0131 Ara\u015ft\u0131rma Burs Program\u0131 taraf\u0131ndan desteklenen \u201cBilgi \u0130\u015flemsel D\u00fc\u015f\u00fcnmenin FeTeMM E\u011fitimine Entegrasyonunun \u0130ncelenmesi: \u00d6\u011fretmenlerin Alg\u0131lar\u0131, G\u00f6r\u00fc\u015fleri ve Uygulamalar\u0131\u201d adl\u0131 ara\u015ft\u0131rman\u0131n amac\u0131 \u00f6\u011fretmenlerin bilgi i\u015flemsel d\u00fc\u015f\u00fcnmeyi FeTeMM e\u011fitimine entegrasyonlar\u0131na y\u00f6nelik alg\u0131, g\u00f6r\u00fc\u015f ve uygulamalar\u0131n\u0131 derinlemesine inceleme amac\u0131n\u0131 ta\u015f\u0131maktad\u0131r.\uf0a7 Bu \u00e7al\u0131\u015fmaya kat\u0131l\u0131m\u0131n\u0131z g\u00f6n\u00fcll\u00fcl\u00fck esas\u0131na dayanmaktad\u0131r.\uf0a7 \u00c7al\u0131\u015fman\u0131n amac\u0131 [&hellip;]<\/p>\n","protected":false},"author":1,"featured_media":0,"parent":0,"menu_order":0,"comment_status":"closed","ping_status":"closed","template":"","meta":{"_themeisle_gutenberg_block_has_review":false,"footnotes":""},"class_list":["post-189","page","type-page","status-publish","hentry"],"_links":{"self":[{"href":"http:\/\/www.filizmumcu.com\/index.php\/wp-json\/wp\/v2\/pages\/189","targetHints":{"allow":["GET"]}}],"collection":[{"href":"http:\/\/www.filizmumcu.com\/index.php\/wp-json\/wp\/v2\/pages"}],"about":[{"href":"http:\/\/www.filizmumcu.com\/index.php\/wp-json\/wp\/v2\/types\/page"}],"author":[{"embeddable":true,"href":"http:\/\/www.filizmumcu.com\/index.php\/wp-json\/wp\/v2\/users\/1"}],"replies":[{"embeddable":true,"href":"http:\/\/www.filizmumcu.com\/index.php\/wp-json\/wp\/v2\/comments?post=189"}],"version-history":[{"count":5,"href":"http:\/\/www.filizmumcu.com\/index.php\/wp-json\/wp\/v2\/pages\/189\/revisions"}],"predecessor-version":[{"id":196,"href":"http:\/\/www.filizmumcu.com\/index.php\/wp-json\/wp\/v2\/pages\/189\/revisions\/196"}],"wp:attachment":[{"href":"http:\/\/www.filizmumcu.com\/index.php\/wp-json\/wp\/v2\/media?parent=189"}],"curies":[{"name":"wp","href":"https:\/\/api.w.org\/{rel}","templated":true}]}}